{"id":732,"date":"2023-12-05T10:59:35","date_gmt":"2023-12-05T13:59:35","guid":{"rendered":"https:\/\/semillademostaza.org\/?page_id=732"},"modified":"2023-12-05T12:06:52","modified_gmt":"2023-12-05T15:06:52","slug":"nosotros","status":"publish","type":"page","link":"https:\/\/semillademostaza.org\/?page_id=732","title":{"rendered":"nosotros"},"content":{"rendered":"\t\t<div data-elementor-type=\"wp-page\" data-elementor-id=\"732\" class=\"elementor elementor-732\">\n\t\t\t\t\t\t\t\t\t<section class=\"elementor-section elementor-top-section elementor-element elementor-element-548d69e elementor-section-boxed elementor-section-height-default elementor-section-height-default\" data-id=\"548d69e\" data-element_type=\"section\" data-settings=\"{&quot;background_background&quot;:&quot;classic&quot;}\">\n\t\t\t\t\t\t<div class=\"elementor-container elementor-column-gap-default\">\n\t\t\t\t\t<div class=\"elementor-column elementor-col-100 elementor-top-column elementor-element elementor-element-16a1d98\" data-id=\"16a1d98\" data-element_type=\"column\">\n\t\t\t<div class=\"elementor-widget-wrap elementor-element-populated\">\n\t\t\t\t\t\t\t\t<div class=\"elementor-element elementor-element-b92d18d elementor-widget elementor-widget-heading\" data-id=\"b92d18d\" data-element_type=\"widget\" data-widget_type=\"heading.default\">\n\t\t\t\t<div class=\"elementor-widget-container\">\n\t\t\t<style>\/*! elementor - v3.18.0 - 20-12-2023 *\/\n.elementor-heading-title{padding:0;margin:0;line-height:1}.elementor-widget-heading .elementor-heading-title[class*=elementor-size-]>a{color:inherit;font-size:inherit;line-height:inherit}.elementor-widget-heading .elementor-heading-title.elementor-size-small{font-size:15px}.elementor-widget-heading .elementor-heading-title.elementor-size-medium{font-size:19px}.elementor-widget-heading .elementor-heading-title.elementor-size-large{font-size:29px}.elementor-widget-heading .elementor-heading-title.elementor-size-xl{font-size:39px}.elementor-widget-heading .elementor-heading-title.elementor-size-xxl{font-size:59px}<\/style><h2 class=\"elementor-heading-title elementor-size-default\">Sobre Nosotros\n<\/h2>\t\t<\/div>\n\t\t\t\t<\/div>\n\t\t\t\t<div class=\"elementor-element elementor-element-f205d89 elementor-widget-divider--view-line elementor-widget elementor-widget-divider\" data-id=\"f205d89\" data-element_type=\"widget\" data-widget_type=\"divider.default\">\n\t\t\t\t<div class=\"elementor-widget-container\">\n\t\t\t<style>\/*! elementor - v3.18.0 - 20-12-2023 *\/\n.elementor-widget-divider{--divider-border-style:none;--divider-border-width:1px;--divider-color:#0c0d0e;--divider-icon-size:20px;--divider-element-spacing:10px;--divider-pattern-height:24px;--divider-pattern-size:20px;--divider-pattern-url:none;--divider-pattern-repeat:repeat-x}.elementor-widget-divider .elementor-divider{display:flex}.elementor-widget-divider .elementor-divider__text{font-size:15px;line-height:1;max-width:95%}.elementor-widget-divider .elementor-divider__element{margin:0 var(--divider-element-spacing);flex-shrink:0}.elementor-widget-divider .elementor-icon{font-size:var(--divider-icon-size)}.elementor-widget-divider .elementor-divider-separator{display:flex;margin:0;direction:ltr}.elementor-widget-divider--view-line_icon .elementor-divider-separator,.elementor-widget-divider--view-line_text .elementor-divider-separator{align-items:center}.elementor-widget-divider--view-line_icon .elementor-divider-separator:after,.elementor-widget-divider--view-line_icon .elementor-divider-separator:before,.elementor-widget-divider--view-line_text .elementor-divider-separator:after,.elementor-widget-divider--view-line_text .elementor-divider-separator:before{display:block;content:\"\";border-bottom:0;flex-grow:1;border-top:var(--divider-border-width) var(--divider-border-style) var(--divider-color)}.elementor-widget-divider--element-align-left .elementor-divider .elementor-divider-separator>.elementor-divider__svg:first-of-type{flex-grow:0;flex-shrink:100}.elementor-widget-divider--element-align-left .elementor-divider-separator:before{content:none}.elementor-widget-divider--element-align-left .elementor-divider__element{margin-left:0}.elementor-widget-divider--element-align-right .elementor-divider .elementor-divider-separator>.elementor-divider__svg:last-of-type{flex-grow:0;flex-shrink:100}.elementor-widget-divider--element-align-right .elementor-divider-separator:after{content:none}.elementor-widget-divider--element-align-right .elementor-divider__element{margin-right:0}.elementor-widget-divider:not(.elementor-widget-divider--view-line_text):not(.elementor-widget-divider--view-line_icon) .elementor-divider-separator{border-top:var(--divider-border-width) var(--divider-border-style) var(--divider-color)}.elementor-widget-divider--separator-type-pattern{--divider-border-style:none}.elementor-widget-divider--separator-type-pattern.elementor-widget-divider--view-line .elementor-divider-separator,.elementor-widget-divider--separator-type-pattern:not(.elementor-widget-divider--view-line) .elementor-divider-separator:after,.elementor-widget-divider--separator-type-pattern:not(.elementor-widget-divider--view-line) .elementor-divider-separator:before,.elementor-widget-divider--separator-type-pattern:not([class*=elementor-widget-divider--view]) .elementor-divider-separator{width:100%;min-height:var(--divider-pattern-height);-webkit-mask-size:var(--divider-pattern-size) 100%;mask-size:var(--divider-pattern-size) 100%;-webkit-mask-repeat:var(--divider-pattern-repeat);mask-repeat:var(--divider-pattern-repeat);background-color:var(--divider-color);-webkit-mask-image:var(--divider-pattern-url);mask-image:var(--divider-pattern-url)}.elementor-widget-divider--no-spacing{--divider-pattern-size:auto}.elementor-widget-divider--bg-round{--divider-pattern-repeat:round}.rtl .elementor-widget-divider .elementor-divider__text{direction:rtl}.e-con-inner>.elementor-widget-divider,.e-con>.elementor-widget-divider{width:var(--container-widget-width,100%);--flex-grow:var(--container-widget-flex-grow)}<\/style>\t\t<div class=\"elementor-divider\">\n\t\t\t<span class=\"elementor-divider-separator\">\n\t\t\t\t\t\t<\/span>\n\t\t<\/div>\n\t\t\t\t<\/div>\n\t\t\t\t<\/div>\n\t\t\t\t\t<\/div>\n\t\t<\/div>\n\t\t\t\t\t\t\t<\/div>\n\t\t<\/section>\n\t\t\t\t<section class=\"elementor-section elementor-top-section elementor-element elementor-element-c97f499 elementor-section-stretched elementor-section-boxed elementor-section-height-default elementor-section-height-default\" data-id=\"c97f499\" data-element_type=\"section\" data-settings=\"{&quot;background_background&quot;:&quot;classic&quot;,&quot;stretch_section&quot;:&quot;section-stretched&quot;}\">\n\t\t\t\t\t\t<div class=\"elementor-container elementor-column-gap-default\">\n\t\t\t\t\t<div class=\"elementor-column elementor-col-100 elementor-top-column elementor-element elementor-element-61fb715\" data-id=\"61fb715\" data-element_type=\"column\">\n\t\t\t<div class=\"elementor-widget-wrap elementor-element-populated\">\n\t\t\t\t\t\t\t\t<div class=\"elementor-element elementor-element-0276328 elementor-widget elementor-widget-image\" data-id=\"0276328\" data-element_type=\"widget\" data-widget_type=\"image.default\">\n\t\t\t\t<div class=\"elementor-widget-container\">\n\t\t\t<style>\/*! elementor - v3.18.0 - 20-12-2023 *\/\n.elementor-widget-image{text-align:center}.elementor-widget-image a{display:inline-block}.elementor-widget-image a img[src$=\".svg\"]{width:48px}.elementor-widget-image img{vertical-align:middle;display:inline-block}<\/style>\t\t\t\t\t\t\t\t\t\t\t\t<img fetchpriority=\"high\" decoding=\"async\" width=\"1024\" height=\"298\" src=\"https:\/\/semillademostaza.org\/wp-content\/uploads\/2023\/12\/quienes-somos-1024x298.jpg\" class=\"attachment-large size-large wp-image-753\" alt=\"\" srcset=\"https:\/\/semillademostaza.org\/wp-content\/uploads\/2023\/12\/quienes-somos-1024x298.jpg 1024w, https:\/\/semillademostaza.org\/wp-content\/uploads\/2023\/12\/quienes-somos-300x87.jpg 300w, https:\/\/semillademostaza.org\/wp-content\/uploads\/2023\/12\/quienes-somos-768x223.jpg 768w, https:\/\/semillademostaza.org\/wp-content\/uploads\/2023\/12\/quienes-somos.jpg 1400w\" sizes=\"(max-width: 1024px) 100vw, 1024px\" \/>\t\t\t\t\t\t\t\t\t\t\t\t\t\t\t<\/div>\n\t\t\t\t<\/div>\n\t\t\t\t\t<\/div>\n\t\t<\/div>\n\t\t\t\t\t\t\t<\/div>\n\t\t<\/section>\n\t\t\t\t<section class=\"elementor-section elementor-top-section elementor-element elementor-element-9d30885 elementor-section-boxed elementor-section-height-default elementor-section-height-default\" data-id=\"9d30885\" data-element_type=\"section\" data-settings=\"{&quot;background_background&quot;:&quot;classic&quot;}\">\n\t\t\t\t\t\t<div class=\"elementor-container elementor-column-gap-default\">\n\t\t\t\t\t<div class=\"elementor-column elementor-col-16 elementor-top-column elementor-element elementor-element-bd774d8\" data-id=\"bd774d8\" data-element_type=\"column\">\n\t\t\t<div class=\"elementor-widget-wrap\">\n\t\t\t\t\t\t\t\t\t<\/div>\n\t\t<\/div>\n\t\t\t\t<div class=\"elementor-column elementor-col-66 elementor-top-column elementor-element elementor-element-e3ec404\" data-id=\"e3ec404\" data-element_type=\"column\">\n\t\t\t<div class=\"elementor-widget-wrap elementor-element-populated\">\n\t\t\t\t\t\t\t\t<div class=\"elementor-element elementor-element-20d4a62 elementor-widget elementor-widget-text-editor\" data-id=\"20d4a62\" data-element_type=\"widget\" data-widget_type=\"text-editor.default\">\n\t\t\t\t<div class=\"elementor-widget-container\">\n\t\t\t<style>\/*! elementor - v3.18.0 - 20-12-2023 *\/\n.elementor-widget-text-editor.elementor-drop-cap-view-stacked .elementor-drop-cap{background-color:#69727d;color:#fff}.elementor-widget-text-editor.elementor-drop-cap-view-framed .elementor-drop-cap{color:#69727d;border:3px solid;background-color:transparent}.elementor-widget-text-editor:not(.elementor-drop-cap-view-default) .elementor-drop-cap{margin-top:8px}.elementor-widget-text-editor:not(.elementor-drop-cap-view-default) .elementor-drop-cap-letter{width:1em;height:1em}.elementor-widget-text-editor .elementor-drop-cap{float:left;text-align:center;line-height:1;font-size:50px}.elementor-widget-text-editor .elementor-drop-cap-letter{display:inline-block}<\/style>\t\t\t\t<p>Semilla de Mostaza es un programa dise\u00f1ado por <a href=\"http:\/\/grupofounders.com\/\">Grupo Founders<\/a> que te dar\u00e1 herramientas para transformar tu futuro, mediante las cuales podr\u00e1s dise\u00f1ar y ejecutar proyectos de transformaci\u00f3n con eficiencia y eficacia, sean estos con fines de lucro o sin fines de lucro.<\/p><p>Semilla de Mostaza combina t\u00e9cnicas para ense\u00f1arte a emprender con habilidades blandas para la vida y con principios para pensar los proyectos de la manera correcta y as\u00ed construir un car\u00e1cter que los sostenga en el tiempo.<\/p><p>Grupo Founders es una Incubadora, Aceleradora y Fondo de Inversi\u00f3n reconocida en Am\u00e9rica Latina, que con base en Argentina pero programas en toda Hispanoam\u00e9rica prepara personas y organizaciones para la influencia y transformaci\u00f3n de la sociedad.<\/p><p>Grupo Founders ha sido galardonada como una de las 10 mejores Incubadoras de Emprendedores de Argentina por la <a href=\"https:\/\/www.clarin.com\/economia\/10-mejores-incubadoras-startups_0_ryou9_c_7.html\">Revista Clar\u00edn Pymes<\/a> y se encuentra catalogada entre los 20 programas de incubaci\u00f3n de emprendedores y aceleraci\u00f3n de empresas que est\u00e1n dejando una marca en Am\u00e9rica Latina por <a href=\"https:\/\/latinamericareports.com\/20-top-accelerator-programs-and-incubators-making-a-mark-on-latin-america\/5777\/\">Latin America Reports.<\/a><\/p><p>Grupo Founders tiene un concepto amplio de emprendimiento y est\u00e1 dado por toda aquella acci\u00f3n o proyecto que tiende a capturar un problema, necesidad y dolor de otro, otros u otra comunidad y establecer una soluci\u00f3n.<\/p><p>Bajo esa premisa no solo se tratan emprendimientos comerciales sino tambi\u00e9n y con la misma metodolog\u00eda se entrena a personas para proyectos sin fines de lucro e incluso para que las personas a\u00fan en relaci\u00f3n de dependencia sean proactivas, y de soluci\u00f3n en cualquier lugar donde est\u00e9n.<\/p><p>Semilla de Mostaza cree y busca que todo ser humano sea un agente de transformaci\u00f3n mediante un enfoque que busca animarte a buscar ideas, ejecutar tus proyectos y perseguir tus sue\u00f1os con determinaci\u00f3n.<\/p><p>Queremos que tomes acci\u00f3n y des el primer paso en tu viaje emprendedor, sabiendo que el primer o pr\u00f3ximo paso no te llevar\u00e1 a destino pero te har\u00e1 salir del lugar donde est\u00e1s hoy.<\/p><p>En Semilla de Mostaza, te animaremos a creer que puedes tener ideas, convertirlas en acciones concretas y ejecutar tu proyecto de transformaci\u00f3n.<\/p>\t\t\t\t\t\t<\/div>\n\t\t\t\t<\/div>\n\t\t\t\t\t<\/div>\n\t\t<\/div>\n\t\t\t\t<div class=\"elementor-column elementor-col-16 elementor-top-column elementor-element elementor-element-fcb294b\" data-id=\"fcb294b\" data-element_type=\"column\">\n\t\t\t<div class=\"elementor-widget-wrap\">\n\t\t\t\t\t\t\t\t\t<\/div>\n\t\t<\/div>\n\t\t\t\t\t\t\t<\/div>\n\t\t<\/section>\n\t\t\t\t\t\t\t<\/div>\n\t\t","protected":false},"excerpt":{"rendered":"<p>Sobre Nosotros Semilla de Mostaza es un programa dise\u00f1ado por Grupo Founders que te dar\u00e1 herramientas para transformar tu futuro, mediante las cuales podr\u00e1s dise\u00f1ar y ejecutar proyectos de transformaci\u00f3n con eficiencia y eficacia, sean estos con fines de lucro o sin fines de lucro. Semilla de Mostaza combina t\u00e9cnicas para ense\u00f1arte a emprender con [&hellip;]<\/p>\n","protected":false},"author":1,"featured_media":0,"parent":0,"menu_order":0,"comment_status":"closed","ping_status":"closed","template":"","meta":{"footnotes":""},"class_list":["post-732","page","type-page","status-publish","hentry","entry"],"_links":{"self":[{"href":"https:\/\/semillademostaza.org\/index.php?rest_route=\/wp\/v2\/pages\/732","targetHints":{"allow":["GET"]}}],"collection":[{"href":"https:\/\/semillademostaza.org\/index.php?rest_route=\/wp\/v2\/pages"}],"about":[{"href":"https:\/\/semillademostaza.org\/index.php?rest_route=\/wp\/v2\/types\/page"}],"author":[{"embeddable":true,"href":"https:\/\/semillademostaza.org\/index.php?rest_route=\/wp\/v2\/users\/1"}],"replies":[{"embeddable":true,"href":"https:\/\/semillademostaza.org\/index.php?rest_route=%2Fwp%2Fv2%2Fcomments&post=732"}],"version-history":[{"count":38,"href":"https:\/\/semillademostaza.org\/index.php?rest_route=\/wp\/v2\/pages\/732\/revisions"}],"predecessor-version":[{"id":815,"href":"https:\/\/semillademostaza.org\/index.php?rest_route=\/wp\/v2\/pages\/732\/revisions\/815"}],"wp:attachment":[{"href":"https:\/\/semillademostaza.org\/index.php?rest_route=%2Fwp%2Fv2%2Fmedia&parent=732"}],"curies":[{"name":"wp","href":"https:\/\/api.w.org\/{rel}","templated":true}]}}